{"id":11,"date":"2023-01-15T09:11:04","date_gmt":"2023-01-15T09:11:04","guid":{"rendered":"https:\/\/onekin.org\/?page_id=11"},"modified":"2023-01-15T09:21:06","modified_gmt":"2023-01-15T09:21:06","slug":"members","status":"publish","type":"page","link":"https:\/\/onekin.org\/?page_id=11","title":{"rendered":"Members"},"content":{"rendered":"\n<p><a href=\"https:\/\/scholar.google.es\/citations?user=izs-yOcAAAAJ&amp;hl=es&amp;oi=ao\">Maider Azanza<\/a><\/p>\n\n\n\n<p>Iker Azpeitia<\/p>\n\n\n\n<p>\u00d3scar D\u00edaz<\/p>\n\n\n\n<p>Xabier Garmendia<\/p>\n\n\n\n<p>Felipe Ib\u00e1\u00f1ez<\/p>\n\n\n\n<p>Arantza Irastorza<\/p>\n\n\n\n<p>Jon Iturrioz<\/p>\n\n\n\n<p><a href=\"https:\/\/www.researchgate.net\/profile\/Raul_Medeiros3\">Ra\u00fal Medeiros<\/a><\/p>\n\n\n\n<p><a href=\"https:\/\/scholar.google.es\/citations?user=5HmP-cAAAAAJ&amp;hl=en&amp;oi=ao\">Haritz Medina<\/a><\/p>\n\n\n\n<p><a href=\"https:\/\/scholar.google.com\/citations?user=2dBvuskAAAAJ&amp;hl=en\">Juanan Pereira<\/a><\/p>\n\n\n\n<p><a href=\"https:\/\/www.researchgate.net\/profile\/Jeremias_Contell\">Jerem\u00edas P\u00e9rez<\/a><\/p>\n","protected":false},"excerpt":{"rendered":"<p>Maider Azanza Iker Azpeitia \u00d3scar D\u00edaz Xabier Garmendia Felipe Ib\u00e1\u00f1ez Arantza Irastorza Jon Iturrioz Ra\u00fal Medeiros Haritz Medina Juanan Pereira Jerem\u00edas P\u00e9rez<\/p>\n","protected":false},"author":1,"featured_media":0,"parent":0,"menu_order":0,"comment_status":"closed","ping_status":"closed","template":"","meta":[],"_links":{"self":[{"href":"https:\/\/onekin.org\/index.php?rest_route=\/wp\/v2\/pages\/11"}],"collection":[{"href":"https:\/\/onekin.org\/index.php?rest_route=\/wp\/v2\/pages"}],"about":[{"href":"https:\/\/onekin.org\/index.php?rest_route=\/wp\/v2\/types\/page"}],"author":[{"embeddable":true,"href":"https:\/\/onekin.org\/index.php?rest_route=\/wp\/v2\/users\/1"}],"replies":[{"embeddable":true,"href":"https:\/\/onekin.org\/index.php?rest_route=%2Fwp%2Fv2%2Fcomments&post=11"}],"version-history":[{"count":2,"href":"https:\/\/onekin.org\/index.php?rest_route=\/wp\/v2\/pages\/11\/revisions"}],"predecessor-version":[{"id":28,"href":"https:\/\/onekin.org\/index.php?rest_route=\/wp\/v2\/pages\/11\/revisions\/28"}],"wp:attachment":[{"href":"https:\/\/onekin.org\/index.php?rest_route=%2Fwp%2Fv2%2Fmedia&parent=11"}],"curies":[{"name":"wp","href":"https:\/\/api.w.org\/{rel}","templated":true}]}}